{"id":3386,"date":"2025-09-08T12:29:59","date_gmt":"2025-09-08T02:29:59","guid":{"rendered":"https:\/\/vmindcare.com\/?page_id=3386"},"modified":"2025-09-08T12:57:14","modified_gmt":"2025-09-08T02:57:14","slug":"blog","status":"publish","type":"page","link":"https:\/\/vmindcare.com\/es\/blog\/","title":{"rendered":"Blog"},"content":{"rendered":"<div data-elementor-type=\"wp-page\" data-elementor-id=\"3386\" class=\"elementor elementor-3386\" data-elementor-settings=\"{&quot;ha_cmc_init_switcher&quot;:&quot;no&quot;}\" data-elementor-post-type=\"page\">\n\t\t\t\t\t\t<section class=\"elementor-section elementor-top-section elementor-element elementor-element-714142c3 elementor-section-height-min-height elementor-section-boxed elementor-section-height-default elementor-section-items-middle elementor-invisible\" data-id=\"714142c3\" data-element_type=\"section\" data-e-type=\"section\" data-settings=\"{&quot;background_background&quot;:&quot;classic&quot;,&quot;animation&quot;:&quot;fadeIn&quot;,&quot;animation_delay&quot;:300,&quot;_ha_eqh_enable&quot;:false}\">\n\t\t\t\t\t\t<div class=\"elementor-container elementor-column-gap-default\">\n\t\t\t\t\t<div class=\"elementor-column elementor-col-100 elementor-top-column elementor-element elementor-element-286a4935\" data-id=\"286a4935\" data-element_type=\"column\" data-e-type=\"column\" data-settings=\"{&quot;background_background&quot;:&quot;classic&quot;}\">\n\t\t\t<div class=\"elementor-widget-wrap elementor-element-populated\">\n\t\t\t\t\t\t<div class=\"elementor-element elementor-element-361b9887 elementor-widget__width-initial elementor-invisible elementor-widget elementor-widget-heading\" data-id=\"361b9887\" data-element_type=\"widget\" data-e-type=\"widget\" data-settings=\"{&quot;_animation&quot;:&quot;fadeInUp&quot;,&quot;_animation_delay&quot;:400}\" data-widget_type=\"heading.default\">\n\t\t\t\t<div class=\"elementor-widget-container\">\n\t\t\t\t\t<h1 class=\"elementor-heading-title elementor-size-default\">Blog<\/h1>\t\t\t\t<\/div>\n\t\t\t\t<\/div>\n\t\t\t\t<div class=\"elementor-element elementor-element-424cf627 ha-has-bg-overlay elementor-invisible elementor-widget elementor-widget-heading\" data-id=\"424cf627\" data-element_type=\"widget\" data-e-type=\"widget\" data-settings=\"{&quot;_animation&quot;:&quot;fadeInUp&quot;,&quot;_animation_delay&quot;:400}\" data-widget_type=\"heading.default\">\n\t\t\t\t<div class=\"elementor-widget-container\">\n\t\t\t\t\t<h1 class=\"elementor-heading-title elementor-size-default\">Un espacio donde tus emociones encuentran claridad<\/h1>\t\t\t\t<\/div>\n\t\t\t\t<\/div>\n\t\t\t\t\t<\/div>\n\t\t<\/div>\n\t\t\t\t\t<\/div>\n\t\t<\/section>\n\t\t\t\t<section class=\"elementor-section elementor-top-section elementor-element elementor-element-7e9991b9 elementor-section-boxed elementor-section-height-default elementor-section-height-default\" data-id=\"7e9991b9\" data-element_type=\"section\" data-e-type=\"section\" data-settings=\"{&quot;_ha_eqh_enable&quot;:false}\">\n\t\t\t\t\t\t<div class=\"elementor-container elementor-column-gap-default\">\n\t\t\t\t\t<div class=\"elementor-column elementor-col-100 elementor-top-column elementor-element elementor-element-1bbbb895\" data-id=\"1bbbb895\" data-element_type=\"column\" data-e-type=\"column\">\n\t\t\t<div class=\"elementor-widget-wrap elementor-element-populated\">\n\t\t\t\t\t\t<div class=\"elementor-element elementor-element-478dab66 elementor-grid-3 elementor-grid-tablet-2 elementor-grid-mobile-1 elementor-posts--thumbnail-top elementor-posts--show-avatar elementor-card-shadow-yes elementor-posts__hover-gradient elementor-widget elementor-widget-posts\" data-id=\"478dab66\" data-element_type=\"widget\" data-e-type=\"widget\" data-settings=\"{&quot;pagination_type&quot;:&quot;numbers_and_prev_next&quot;,&quot;cards_columns&quot;:&quot;3&quot;,&quot;cards_columns_tablet&quot;:&quot;2&quot;,&quot;cards_columns_mobile&quot;:&quot;1&quot;,&quot;cards_row_gap&quot;:{&quot;unit&quot;:&quot;px&quot;,&quot;size&quot;:35,&quot;sizes&quot;:[]},&quot;cards_row_gap_tablet&quot;:{&quot;unit&quot;:&quot;px&quot;,&quot;size&quot;:&quot;&quot;,&quot;sizes&quot;:[]},&quot;cards_row_gap_mobile&quot;:{&quot;unit&quot;:&quot;px&quot;,&quot;size&quot;:&quot;&quot;,&quot;sizes&quot;:[]}}\" data-widget_type=\"posts.cards\">\n\t\t\t\t<div class=\"elementor-widget-container\">\n\t\t\t\t\t\t\t<div class=\"elementor-posts-container elementor-posts elementor-posts--skin-cards elementor-grid\" role=\"list\">\n\t\t\t\t<article class=\"elementor-post elementor-grid-item post-3551 post type-post status-publish format-standard has-post-thumbnail hentry category-bioneuroemotion\" role=\"listitem\">\n\t\t\t<div class=\"elementor-post__card\">\n\t\t\t\t<a class=\"elementor-post__thumbnail__link\" href=\"https:\/\/vmindcare.com\/es\/why-do-you-feel-exhausted-even-when-you-rest-your-bodys-language-and-the-path-back-to-yourself\/\" tabindex=\"-1\" ><div class=\"elementor-post__thumbnail\"><img fetchpriority=\"high\" decoding=\"async\" width=\"300\" height=\"300\" src=\"https:\/\/vmindcare.com\/wp-content\/uploads\/2026\/04\/The-Path-Back-to-Self-7-300x300.png\" class=\"attachment-medium size-medium wp-image-3548\" alt=\"\" srcset=\"https:\/\/vmindcare.com\/wp-content\/uploads\/2026\/04\/The-Path-Back-to-Self-7-300x300.png 300w, https:\/\/vmindcare.com\/wp-content\/uploads\/2026\/04\/The-Path-Back-to-Self-7-1024x1024.png 1024w, https:\/\/vmindcare.com\/wp-content\/uploads\/2026\/04\/The-Path-Back-to-Self-7-150x150.png 150w, https:\/\/vmindcare.com\/wp-content\/uploads\/2026\/04\/The-Path-Back-to-Self-7-768x768.png 768w\" sizes=\"(max-width: 300px) 100vw, 300px\" \/><\/div><\/a>\n\t\t\t\t<div class=\"elementor-post__avatar\">\n\t\t\t<img alt='Vmindcare' src='https:\/\/vmindcare.com\/wp-content\/uploads\/2025\/09\/logo-128x128.png' srcset='https:\/\/vmindcare.com\/wp-content\/uploads\/2025\/09\/logo-256x256.png 2x' class='avatar avatar-128 photo' height='128' width='128' \/>\t\t<\/div>\n\t\t\t\t<div class=\"elementor-post__text\">\n\t\t\t\t<h3 class=\"elementor-post__title\">\n\t\t\t<a href=\"https:\/\/vmindcare.com\/es\/why-do-you-feel-exhausted-even-when-you-rest-your-bodys-language-and-the-path-back-to-yourself\/\" >\n\t\t\t\tWhy Do You Feel Exhausted Even When You Rest? Your Body\u2019s Language and the Path Back to Yourself\t\t\t<\/a>\n\t\t<\/h3>\n\t\t\t\t<div class=\"elementor-post__excerpt\">\n\t\t\t<p>Have you ever felt that no matter how much you sleep, the tiredness never goes away? You wake up feeling heavy, your shoulders feel as<\/p>\n\t\t<\/div>\n\t\t\t\t<\/div>\n\t\t\t\t\t<\/div>\n\t\t<\/article>\n\t\t\t\t<article class=\"elementor-post elementor-grid-item post-3513 post type-post status-publish format-standard has-post-thumbnail hentry category-anxiety category-bioneuroemotion\" role=\"listitem\">\n\t\t\t<div class=\"elementor-post__card\">\n\t\t\t\t<a class=\"elementor-post__thumbnail__link\" href=\"https:\/\/vmindcare.com\/es\/the-hand-on-heart-anchor-a-neuroscience-backed-tool-to-calm-anxiety-for-you-your-child\/\" tabindex=\"-1\" ><div class=\"elementor-post__thumbnail\"><img decoding=\"async\" width=\"300\" height=\"300\" src=\"https:\/\/vmindcare.com\/wp-content\/uploads\/2025\/01\/little-girls-playing-hide-seek-300x300.jpg\" class=\"attachment-medium size-medium wp-image-2889\" alt=\"\" srcset=\"https:\/\/vmindcare.com\/wp-content\/uploads\/2025\/01\/elementor\/thumbs\/little-girls-playing-hide-seek-scaled-r09jadxfk3gvwr13583thdgpr7oickg35x1z2o414o.jpg 300w, https:\/\/vmindcare.com\/wp-content\/uploads\/2025\/01\/little-girls-playing-hide-seek-1024x1024.jpg 1024w, https:\/\/vmindcare.com\/wp-content\/uploads\/2025\/01\/little-girls-playing-hide-seek-150x150.jpg 150w, https:\/\/vmindcare.com\/wp-content\/uploads\/2025\/01\/little-girls-playing-hide-seek-768x768.jpg 768w\" sizes=\"(max-width: 300px) 100vw, 300px\" \/><\/div><\/a>\n\t\t\t\t<div class=\"elementor-post__avatar\">\n\t\t\t<img alt='Vmindcare' src='https:\/\/vmindcare.com\/wp-content\/uploads\/2025\/09\/logo-128x128.png' srcset='https:\/\/vmindcare.com\/wp-content\/uploads\/2025\/09\/logo-256x256.png 2x' class='avatar avatar-128 photo' height='128' width='128' \/>\t\t<\/div>\n\t\t\t\t<div class=\"elementor-post__text\">\n\t\t\t\t<h3 class=\"elementor-post__title\">\n\t\t\t<a href=\"https:\/\/vmindcare.com\/es\/the-hand-on-heart-anchor-a-neuroscience-backed-tool-to-calm-anxiety-for-you-your-child\/\" >\n\t\t\t\tEl ancla de la mano en el coraz\u00f3n: una herramienta con respaldo neurocient\u00edfico para calmar la ansiedad (para ti y tu hijo)\t\t\t<\/a>\n\t\t<\/h3>\n\t\t\t\t<div class=\"elementor-post__excerpt\">\n\t\t\t<p>Introducci\u00f3n: Cuando llega la tormenta, \u00bfd\u00f3nde est\u00e1 tu ancla? Como padres, conocemos esa sensaci\u00f3n: la oleada de preocupaci\u00f3n en nuestro propio pecho, o<\/p>\n\t\t<\/div>\n\t\t\t\t<\/div>\n\t\t\t\t\t<\/div>\n\t\t<\/article>\n\t\t\t\t<article class=\"elementor-post elementor-grid-item post-3424 post type-post status-publish format-standard has-post-thumbnail hentry category-bioneuroemotion\" role=\"listitem\">\n\t\t\t<div class=\"elementor-post__card\">\n\t\t\t\t<a class=\"elementor-post__thumbnail__link\" href=\"https:\/\/vmindcare.com\/es\/the-journey-to-your-essence-recognition-is-born-within-you\/\" tabindex=\"-1\" ><div class=\"elementor-post__thumbnail\"><img decoding=\"async\" width=\"300\" height=\"300\" src=\"https:\/\/vmindcare.com\/wp-content\/uploads\/2025\/01\/young-man-skipping-stone-lake-water-300x300.jpg\" class=\"attachment-medium size-medium wp-image-2716\" alt=\"\" srcset=\"https:\/\/vmindcare.com\/wp-content\/uploads\/2025\/01\/elementor\/thumbs\/young-man-skipping-stone-lake-water-scaled-r04lkvo66nri8trl3d8ah9gec66galsbx74afrrcfs.jpg 300w, https:\/\/vmindcare.com\/wp-content\/uploads\/2025\/01\/young-man-skipping-stone-lake-water-1024x1024.jpg 1024w, https:\/\/vmindcare.com\/wp-content\/uploads\/2025\/01\/young-man-skipping-stone-lake-water-150x150.jpg 150w, https:\/\/vmindcare.com\/wp-content\/uploads\/2025\/01\/young-man-skipping-stone-lake-water-768x768.jpg 768w, https:\/\/vmindcare.com\/wp-content\/uploads\/2025\/01\/elementor\/thumbs\/young-man-skipping-stone-lake-water-scaled-r04lkvo8mdcdgu31x6ympf54eulpm47rosamqkpsi0.jpg 500w\" sizes=\"(max-width: 300px) 100vw, 300px\" \/><\/div><\/a>\n\t\t\t\t<div class=\"elementor-post__avatar\">\n\t\t\t<img alt='Vmindcare' src='https:\/\/vmindcare.com\/wp-content\/uploads\/2025\/09\/logo-128x128.png' srcset='https:\/\/vmindcare.com\/wp-content\/uploads\/2025\/09\/logo-256x256.png 2x' class='avatar avatar-128 photo' height='128' width='128' \/>\t\t<\/div>\n\t\t\t\t<div class=\"elementor-post__text\">\n\t\t\t\t<h3 class=\"elementor-post__title\">\n\t\t\t<a href=\"https:\/\/vmindcare.com\/es\/the-journey-to-your-essence-recognition-is-born-within-you\/\" >\n\t\t\t\tEl viaje a tu esencia: el reconocimiento nace en ti\t\t\t<\/a>\n\t\t<\/h3>\n\t\t\t\t<div class=\"elementor-post__excerpt\">\n\t\t\t<p>\u00bfTe has parado a pensar alguna vez en c\u00f3mo te hablas a ti mismo? \u00bfQu\u00e9 voz interior oyes cuando las cosas no salen como esperabas?<\/p>\n\t\t<\/div>\n\t\t\t\t<\/div>\n\t\t\t\t\t<\/div>\n\t\t<\/article>\n\t\t\t\t<article class=\"elementor-post elementor-grid-item post-3363 post type-post status-publish format-standard has-post-thumbnail hentry category-bioneuroemotion category-insecurity\" role=\"listitem\">\n\t\t\t<div class=\"elementor-post__card\">\n\t\t\t\t<a class=\"elementor-post__thumbnail__link\" href=\"https:\/\/vmindcare.com\/es\/do-you-feel-that-your-adult-fears-come-from-your-childhood-healing-your-inner-child-could-be-the-answer\/\" tabindex=\"-1\" ><div class=\"elementor-post__thumbnail\"><img loading=\"lazy\" decoding=\"async\" width=\"300\" height=\"300\" src=\"https:\/\/vmindcare.com\/wp-content\/uploads\/2025\/01\/senior-adult-exercise-fitness-strength-300x300.jpg\" class=\"attachment-medium size-medium wp-image-2933\" alt=\"\" srcset=\"https:\/\/vmindcare.com\/wp-content\/uploads\/2025\/01\/elementor\/thumbs\/senior-adult-exercise-fitness-strength-scaled-r09py6j72jq9ripqwvlhkv21dxri0sexgshajwkdrs.jpg 300w, https:\/\/vmindcare.com\/wp-content\/uploads\/2025\/01\/senior-adult-exercise-fitness-strength-1024x1024.jpg 1024w, https:\/\/vmindcare.com\/wp-content\/uploads\/2025\/01\/senior-adult-exercise-fitness-strength-150x150.jpg 150w, https:\/\/vmindcare.com\/wp-content\/uploads\/2025\/01\/senior-adult-exercise-fitness-strength-768x768.jpg 768w\" sizes=\"(max-width: 300px) 100vw, 300px\" \/><\/div><\/a>\n\t\t\t\t<div class=\"elementor-post__avatar\">\n\t\t\t<img alt='Vmindcare' src='https:\/\/vmindcare.com\/wp-content\/uploads\/2025\/09\/logo-128x128.png' srcset='https:\/\/vmindcare.com\/wp-content\/uploads\/2025\/09\/logo-256x256.png 2x' class='avatar avatar-128 photo' height='128' width='128' \/>\t\t<\/div>\n\t\t\t\t<div class=\"elementor-post__text\">\n\t\t\t\t<h3 class=\"elementor-post__title\">\n\t\t\t<a href=\"https:\/\/vmindcare.com\/es\/do-you-feel-that-your-adult-fears-come-from-your-childhood-healing-your-inner-child-could-be-the-answer\/\" >\n\t\t\t\t\u00bfSientes que tus miedos de adulto provienen de tu infancia? Sanar a tu ni\u00f1o interior podr\u00eda ser la respuesta.\t\t\t<\/a>\n\t\t<\/h3>\n\t\t\t\t<div class=\"elementor-post__excerpt\">\n\t\t\t<p>\u00bfAlguna vez te has preguntado por qu\u00e9 reaccionas de cierta manera ante el estr\u00e9s, los conflictos o incluso la alegr\u00eda? \u00bfA veces te sientes inseguro y te cuesta...<\/p>\n\t\t<\/div>\n\t\t\t\t<\/div>\n\t\t\t\t\t<\/div>\n\t\t<\/article>\n\t\t\t\t<article class=\"elementor-post elementor-grid-item post-3286 post type-post status-publish format-standard has-post-thumbnail hentry category-bioneuroemotion\" role=\"listitem\">\n\t\t\t<div class=\"elementor-post__card\">\n\t\t\t\t<a class=\"elementor-post__thumbnail__link\" href=\"https:\/\/vmindcare.com\/es\/the-power-of-recognition-deepen-your-connection-with-bioneuroemocion-on-vmindcare-com\/\" tabindex=\"-1\" ><div class=\"elementor-post__thumbnail\"><img loading=\"lazy\" decoding=\"async\" width=\"300\" height=\"300\" src=\"https:\/\/vmindcare.com\/wp-content\/uploads\/2025\/01\/20240810_080457-300x300.jpg\" class=\"attachment-medium size-medium wp-image-2800\" alt=\"\" srcset=\"https:\/\/vmindcare.com\/wp-content\/uploads\/2025\/01\/elementor\/thumbs\/20240810_080457-scaled-r05wh6ibl0x5irexln7thq4lbyrar983pifmsmhygo.jpg 300w, https:\/\/vmindcare.com\/wp-content\/uploads\/2025\/01\/20240810_080457-1024x1024.jpg 1024w, https:\/\/vmindcare.com\/wp-content\/uploads\/2025\/01\/20240810_080457-150x150.jpg 150w, https:\/\/vmindcare.com\/wp-content\/uploads\/2025\/01\/20240810_080457-768x768.jpg 768w\" sizes=\"(max-width: 300px) 100vw, 300px\" \/><\/div><\/a>\n\t\t\t\t<div class=\"elementor-post__avatar\">\n\t\t\t<img alt='Vmindcare' src='https:\/\/vmindcare.com\/wp-content\/uploads\/2025\/09\/logo-128x128.png' srcset='https:\/\/vmindcare.com\/wp-content\/uploads\/2025\/09\/logo-256x256.png 2x' class='avatar avatar-128 photo' height='128' width='128' \/>\t\t<\/div>\n\t\t\t\t<div class=\"elementor-post__text\">\n\t\t\t\t<h3 class=\"elementor-post__title\">\n\t\t\t<a href=\"https:\/\/vmindcare.com\/es\/the-power-of-recognition-deepen-your-connection-with-bioneuroemocion-on-vmindcare-com\/\" >\n\t\t\t\tEl poder del reconocimiento: profundiza tu conexi\u00f3n con la bioneuroemoci\u00f3n en vmindcare.com\t\t\t<\/a>\n\t\t<\/h3>\n\t\t\t\t<div class=\"elementor-post__excerpt\">\n\t\t\t<p>Sentirse apreciado y reconocido por la pareja es fundamental para una relaci\u00f3n sana y plena. Fortalece el v\u00ednculo, fomenta la intimidad y los motiva a ambos.<\/p>\n\t\t<\/div>\n\t\t\t\t<\/div>\n\t\t\t\t\t<\/div>\n\t\t<\/article>\n\t\t\t\t<article class=\"elementor-post elementor-grid-item post-3284 post type-post status-publish format-standard has-post-thumbnail hentry category-insecurity\" role=\"listitem\">\n\t\t\t<div class=\"elementor-post__card\">\n\t\t\t\t<a class=\"elementor-post__thumbnail__link\" href=\"https:\/\/vmindcare.com\/es\/rekindle-the-spark-building-confidence-in-your-relationship-with-bioneuroemocion\/\" tabindex=\"-1\" ><div class=\"elementor-post__thumbnail\"><img loading=\"lazy\" decoding=\"async\" width=\"300\" height=\"300\" src=\"https:\/\/vmindcare.com\/wp-content\/uploads\/2025\/01\/409938452_10233078608926653_1442495636944988197_n-300x300.jpg\" class=\"attachment-medium size-medium wp-image-2944\" alt=\"\" srcset=\"https:\/\/vmindcare.com\/wp-content\/uploads\/2025\/01\/elementor\/thumbs\/409938452_10233078608926653_1442495636944988197_n-r09qgo0xh91a3fv2yv9cm74dyqndehsw0ad2bt5neg.jpg 300w, https:\/\/vmindcare.com\/wp-content\/uploads\/2025\/01\/409938452_10233078608926653_1442495636944988197_n-150x150.jpg 150w, https:\/\/vmindcare.com\/wp-content\/uploads\/2025\/01\/409938452_10233078608926653_1442495636944988197_n-768x768.jpg 768w\" sizes=\"(max-width: 300px) 100vw, 300px\" \/><\/div><\/a>\n\t\t\t\t<div class=\"elementor-post__avatar\">\n\t\t\t<img alt='Vmindcare' src='https:\/\/vmindcare.com\/wp-content\/uploads\/2025\/09\/logo-128x128.png' srcset='https:\/\/vmindcare.com\/wp-content\/uploads\/2025\/09\/logo-256x256.png 2x' class='avatar avatar-128 photo' height='128' width='128' \/>\t\t<\/div>\n\t\t\t\t<div class=\"elementor-post__text\">\n\t\t\t\t<h3 class=\"elementor-post__title\">\n\t\t\t<a href=\"https:\/\/vmindcare.com\/es\/rekindle-the-spark-building-confidence-in-your-relationship-with-bioneuroemocion\/\" >\n\t\t\t\tReaviva la chispa: Construyendo confianza en tu relaci\u00f3n con Bioneuroemoci\u00f3n\t\t\t<\/a>\n\t\t<\/h3>\n\t\t\t\t<div class=\"elementor-post__excerpt\">\n\t\t\t<p>Introducci\u00f3n: Las relaciones a largo plazo son hermosos viajes llenos de experiencias compartidas y apoyo incondicional. Sin embargo, con el tiempo, los desaf\u00edos y las rutinas pueden erosionar la relaci\u00f3n de una pareja.<\/p>\n\t\t<\/div>\n\t\t\t\t<\/div>\n\t\t\t\t\t<\/div>\n\t\t<\/article>\n\t\t\t\t<\/div>\n\t\t\n\t\t\t\t<div class=\"e-load-more-anchor\" data-page=\"1\" data-max-page=\"3\" data-next-page=\"https:\/\/vmindcare.com\/wp-json\/wp\/v2\/pages\/3386\/page\/2\/\"><\/div>\n\t\t\t\t<nav class=\"elementor-pagination\" aria-label=\"Pagination\">\n\t\t\t<span class=\"page-numbers prev\">&quot; Anterior<\/span>\n<span aria-current=\"page\" class=\"page-numbers current\"><span class=\"elementor-screen-only\">Page<\/span>1<\/span>\n<a class=\"page-numbers\" href=\"https:\/\/vmindcare.com\/wp-json\/wp\/v2\/pages\/3386\/page\/2\/\"><span class=\"elementor-screen-only\">Page<\/span>2<\/a>\n<a class=\"page-numbers\" href=\"https:\/\/vmindcare.com\/wp-json\/wp\/v2\/pages\/3386\/page\/3\/\"><span class=\"elementor-screen-only\">Page<\/span>3<\/a>\n<a class=\"page-numbers next\" href=\"https:\/\/vmindcare.com\/wp-json\/wp\/v2\/pages\/3386\/page\/2\/\">Pr\u00f3ximo &quot;<\/a>\t\t<\/nav>\n\t\t\t\t\t\t<\/div>\n\t\t\t\t<\/div>\n\t\t\t\t\t<\/div>\n\t\t<\/div>\n\t\t\t\t\t<\/div>\n\t\t<\/section>\n\t\t\t\t<\/div>","protected":false},"excerpt":{"rendered":"<p>Blog Un espacio donde tus emociones encuentran claridad<\/p>","protected":false},"author":3,"featured_media":0,"parent":0,"menu_order":0,"comment_status":"closed","ping_status":"closed","template":"","meta":{"footnotes":""},"class_list":["post-3386","page","type-page","status-publish","hentry"],"_links":{"self":[{"href":"https:\/\/vmindcare.com\/es\/wp-json\/wp\/v2\/pages\/3386","targetHints":{"allow":["GET"]}}],"collection":[{"href":"https:\/\/vmindcare.com\/es\/wp-json\/wp\/v2\/pages"}],"about":[{"href":"https:\/\/vmindcare.com\/es\/wp-json\/wp\/v2\/types\/page"}],"author":[{"embeddable":true,"href":"https:\/\/vmindcare.com\/es\/wp-json\/wp\/v2\/users\/3"}],"replies":[{"embeddable":true,"href":"https:\/\/vmindcare.com\/es\/wp-json\/wp\/v2\/comments?post=3386"}],"version-history":[{"count":10,"href":"https:\/\/vmindcare.com\/es\/wp-json\/wp\/v2\/pages\/3386\/revisions"}],"predecessor-version":[{"id":3405,"href":"https:\/\/vmindcare.com\/es\/wp-json\/wp\/v2\/pages\/3386\/revisions\/3405"}],"wp:attachment":[{"href":"https:\/\/vmindcare.com\/es\/wp-json\/wp\/v2\/media?parent=3386"}],"curies":[{"name":"gracias","href":"https:\/\/api.w.org\/{rel}","templated":true}]}}